{"id":53,"date":"2016-01-04T18:02:00","date_gmt":"2016-01-04T18:02:00","guid":{"rendered":"http:\/\/www.staffingpersonal.com\/bolsa-de-trabajo\/?page_id=53"},"modified":"2023-11-10T21:31:33","modified_gmt":"2023-11-10T21:31:33","slug":"inicio","status":"publish","type":"page","link":"https:\/\/www.staffingpersonal.com\/bolsa-de-trabajo\/","title":{"rendered":"Inicio"},"content":{"rendered":"\t\t<div data-elementor-type=\"wp-page\" data-elementor-id=\"53\" class=\"elementor elementor-53\" data-elementor-post-type=\"page\">\n\t\t\t\t\t\t\t\t\t<section class=\"elementor-section elementor-top-section elementor-element elementor-element-9c57068 elementor-section-content-middle elementor-section-boxed elementor-section-height-default elementor-section-height-default\" data-id=\"9c57068\" data-element_type=\"section\" data-settings=\"{&quot;background_background&quot;:&quot;classic&quot;}\">\n\t\t\t\t\t\t<div class=\"elementor-container elementor-column-gap-no\">\n\t\t\t\t\t<div class=\"elementor-column elementor-col-50 elementor-top-column elementor-element elementor-element-cecfa03\" data-id=\"cecfa03\" data-element_type=\"column\">\n\t\t\t<div class=\"elementor-widget-wrap elementor-element-populated\">\n\t\t\t\t\t\t\t\t<div class=\"elementor-element elementor-element-3e3ba2d elementor-widget elementor-widget-heading\" data-id=\"3e3ba2d\" data-element_type=\"widget\" data-widget_type=\"heading.default\">\n\t\t\t\t<div class=\"elementor-widget-container\">\n\t\t\t<style>\/*! elementor - v3.17.0 - 08-11-2023 *\/\n.elementor-heading-title{padding:0;margin:0;line-height:1}.elementor-widget-heading .elementor-heading-title[class*=elementor-size-]>a{color:inherit;font-size:inherit;line-height:inherit}.elementor-widget-heading .elementor-heading-title.elementor-size-small{font-size:15px}.elementor-widget-heading .elementor-heading-title.elementor-size-medium{font-size:19px}.elementor-widget-heading .elementor-heading-title.elementor-size-large{font-size:29px}.elementor-widget-heading .elementor-heading-title.elementor-size-xl{font-size:39px}.elementor-widget-heading .elementor-heading-title.elementor-size-xxl{font-size:59px}<\/style><h1 class=\"elementor-heading-title elementor-size-default\">Vacante Destacada<\/h1>\t\t<\/div>\n\t\t\t\t<\/div>\n\t\t\t\t<div class=\"elementor-element elementor-element-7ddd651 elementor-widget elementor-widget-heading\" data-id=\"7ddd651\" data-element_type=\"widget\" data-widget_type=\"heading.default\">\n\t\t\t\t<div class=\"elementor-widget-container\">\n\t\t\t<h3 class=\"elementor-heading-title elementor-size-default\">TE INTERESA POSTULATE, SI CONOCES A ALGUIEN RECOMIENDA<\/h3>\t\t<\/div>\n\t\t\t\t<\/div>\n\t\t\t\t<div class=\"elementor-element elementor-element-5659679 elementor-widget elementor-widget-heading\" data-id=\"5659679\" data-element_type=\"widget\" data-widget_type=\"heading.default\">\n\t\t\t\t<div class=\"elementor-widget-container\">\n\t\t\t<h3 class=\"elementor-heading-title elementor-size-default\">\u00bfFormas parte de una empresa y quieres buscar al mejor prospecto para ti? Publica una vacante y te ayudaremos a encontrar al candidato ideal para ti.<\/h3>\t\t<\/div>\n\t\t\t\t<\/div>\n\t\t\t\t\t<\/div>\n\t\t<\/div>\n\t\t\t\t<div class=\"elementor-column elementor-col-50 elementor-top-column elementor-element elementor-element-c39f504\" data-id=\"c39f504\" data-element_type=\"column\">\n\t\t\t<div class=\"elementor-widget-wrap elementor-element-populated\">\n\t\t\t\t\t\t\t\t<div class=\"elementor-element elementor-element-bda384d elementor-widget elementor-widget-image\" data-id=\"bda384d\" data-element_type=\"widget\" data-widget_type=\"image.default\">\n\t\t\t\t<div class=\"elementor-widget-container\">\n\t\t\t<style>\/*! elementor - v3.17.0 - 08-11-2023 *\/\n.elementor-widget-image{text-align:center}.elementor-widget-image a{display:inline-block}.elementor-widget-image a img[src$=\".svg\"]{width:48px}.elementor-widget-image img{vertical-align:middle;display:inline-block}<\/style>\t\t\t\t\t\t\t\t\t\t\t\t<img fetchpriority=\"high\" decoding=\"async\" width=\"300\" height=\"221\" src=\"https:\/\/www.staffingpersonal.com\/bolsa-de-trabajo\/wp-content\/uploads\/2023\/11\/18421535_xl-300x221-1.jpg\" class=\"attachment-large size-large wp-image-6269\" alt=\"\" \/>\t\t\t\t\t\t\t\t\t\t\t\t\t\t\t<\/div>\n\t\t\t\t<\/div>\n\t\t\t\t\t<\/div>\n\t\t<\/div>\n\t\t\t\t\t\t\t<\/div>\n\t\t<\/section>\n\t\t\t\t<section class=\"elementor-section elementor-top-section elementor-element elementor-element-f848876 elementor-section-height-min-height elementor-section-content-middle elementor-section-boxed elementor-section-height-default elementor-section-items-middle\" data-id=\"f848876\" data-element_type=\"section\" data-settings=\"{&quot;background_background&quot;:&quot;classic&quot;,&quot;shape_divider_top&quot;:&quot;arrow&quot;}\">\n\t\t\t\t\t<div class=\"elementor-shape elementor-shape-top\" data-negative=\"false\">\n\t\t\t<svg xmlns=\"http:\/\/www.w3.org\/2000\/svg\" viewBox=\"0 0 700 10\" preserveAspectRatio=\"none\">\n\t<path class=\"elementor-shape-fill\" d=\"M350,10L340,0h20L350,10z\"\/>\n<\/svg>\t\t<\/div>\n\t\t\t\t\t<div class=\"elementor-container elementor-column-gap-no\">\n\t\t\t\t\t<div class=\"elementor-column elementor-col-100 elementor-top-column elementor-element elementor-element-5d44962\" data-id=\"5d44962\" data-element_type=\"column\">\n\t\t\t<div class=\"elementor-widget-wrap elementor-element-populated\">\n\t\t\t\t\t\t\t\t<div class=\"elementor-element elementor-element-5411efe elementor-widget elementor-widget-text-editor\" data-id=\"5411efe\" data-element_type=\"widget\" data-widget_type=\"text-editor.default\">\n\t\t\t\t<div class=\"elementor-widget-container\">\n\t\t\t<style>\/*! elementor - v3.17.0 - 08-11-2023 *\/\n.elementor-widget-text-editor.elementor-drop-cap-view-stacked .elementor-drop-cap{background-color:#69727d;color:#fff}.elementor-widget-text-editor.elementor-drop-cap-view-framed .elementor-drop-cap{color:#69727d;border:3px solid;background-color:transparent}.elementor-widget-text-editor:not(.elementor-drop-cap-view-default) .elementor-drop-cap{margin-top:8px}.elementor-widget-text-editor:not(.elementor-drop-cap-view-default) .elementor-drop-cap-letter{width:1em;height:1em}.elementor-widget-text-editor .elementor-drop-cap{float:left;text-align:center;line-height:1;font-size:50px}.elementor-widget-text-editor .elementor-drop-cap-letter{display:inline-block}<\/style>\t\t\t\tPorque lo nuestro es <strong style=\"color:#890D2E; font-weight: bold;\">PERSONAL<\/strong>\t\t\t\t\t\t<\/div>\n\t\t\t\t<\/div>\n\t\t\t\t\t<\/div>\n\t\t<\/div>\n\t\t\t\t\t\t\t<\/div>\n\t\t<\/section>\n\t\t<div class=\"elementor-element elementor-element-647b937 e-flex e-con-boxed e-con e-parent\" data-id=\"647b937\" data-element_type=\"container\" data-settings=\"{&quot;content_width&quot;:&quot;boxed&quot;}\" data-core-v316-plus=\"true\">\n\t\t\t\t\t<div class=\"e-con-inner\">\n\t\t<div class=\"elementor-element elementor-element-a07c6eb e-con-full e-flex e-con e-child\" data-id=\"a07c6eb\" data-element_type=\"container\" data-settings=\"{&quot;content_width&quot;:&quot;full&quot;}\">\n\t\t\t\t<div class=\"elementor-element elementor-element-6141aff elementor-widget elementor-widget-shortcode\" data-id=\"6141aff\" data-element_type=\"widget\" data-widget_type=\"shortcode.default\">\n\t\t\t\t<div class=\"elementor-widget-container\">\n\t\t\t\t\t<div class=\"elementor-shortcode\"><div class=\"job_listings\" data-location=\"\" data-keywords=\"\" data-show_filters=\"false\" data-show_pagination=\"false\" data-per_page=\"10\" data-orderby=\"featured\" data-order=\"DESC\" data-categories=\"\" data-disable-form-state-storage=\"\" data-post_id=\"6402\" ><ul class=\"job_listings\">\n<li class=\"post-6402 job_listing type-job_listing status-expired has-post-thumbnail hentry job_listing_region-estado-de-mexico job_listing_region-valle-de-chalco-solidaridad job-type-tiempo-completo\" data-longitude=\"\" data-latitude=\"\">\n\t<a href=\"https:\/\/www.staffingpersonal.com\/bolsa-de-trabajo\/?post_type=job_listing&#038;p=6402\">\n\t\t<img decoding=\"async\" class=\"company_logo\" src=\"https:\/\/www.staffingpersonal.com\/bolsa-de-trabajo\/wp-content\/uploads\/job-manager-uploads\/company_logo\/2023\/11\/staffing-logo-768x540-1-150x150.jpg\" alt=\"\" \/>\t\t<div class=\"position\">\n\t\t\t<h3>Profesor nivel primaria clases de ingl\u00e9s<\/h3>\n\t\t\t<div class=\"company\">\n\t\t\t\t\t\t\t\t\t\t\t<\/div>\n\t\t<\/div>\n\t\t<div class=\"location\">\n\t\t\tEstado De M\u00e9xico, Valle de Chalco Solidaridad\t\t<\/div>\n\t\t<ul class=\"meta\">\n\t\t\t\n\t\t\t\t\t\t\t\t\t\t\t\t\t\t\t\t<li class=\"job-type tiempo-completo\">Tiempo Completo<\/li>\n\t\t\t\t\t\t\t\n\t\t\t<li class=\"date\"><time datetime=\"2024-05-08\">Publicado hace 2 a\u00f1os<\/time><\/li>\n\n\t\t\t\t\t<\/ul>\n\t<\/a>\n<\/li>\n<\/ul>\n<\/div><\/div>\n\t\t\t\t<\/div>\n\t\t\t\t<\/div>\n\t\t\t\t<\/div>\n\t\t\t\t\t<\/div>\n\t\t\t\t<\/div>\n\t\t\t\t<section class=\"elementor-section elementor-top-section elementor-element elementor-element-bca2ea7 elementor-section-content-middle elementor-section-boxed elementor-section-height-default elementor-section-height-default\" data-id=\"bca2ea7\" data-element_type=\"section\">\n\t\t\t\t\t\t<div class=\"elementor-container elementor-column-gap-no\">\n\t\t\t\t\t<div class=\"elementor-column elementor-col-100 elementor-top-column elementor-element elementor-element-cbc32b4\" data-id=\"cbc32b4\" data-element_type=\"column\">\n\t\t\t<div class=\"elementor-widget-wrap elementor-element-populated\">\n\t\t\t\t\t\t\t\t<div class=\"elementor-element elementor-element-5b63005 elementor-widget elementor-widget-heading\" data-id=\"5b63005\" data-element_type=\"widget\" data-widget_type=\"heading.default\">\n\t\t\t\t<div class=\"elementor-widget-container\">\n\t\t\t<h3 class=\"elementor-heading-title elementor-size-default\">Bienvenidos a Staffing Personal Especialistas en Recursos Humanos<\/h3>\t\t<\/div>\n\t\t\t\t<\/div>\n\t\t\t\t<div class=\"elementor-element elementor-element-33ab674 elementor-widget elementor-widget-heading\" data-id=\"33ab674\" data-element_type=\"widget\" data-widget_type=\"heading.default\">\n\t\t\t\t<div class=\"elementor-widget-container\">\n\t\t\t<p class=\"elementor-heading-title elementor-size-default\">Productivo y efectivo proceso de b\u00fasqueda, reclutamiento, selecci\u00f3n, contrataci\u00f3n y elaboraci\u00f3n de n\u00f3mina del personal necesario para operar una organizaci\u00f3n.\n\nStaffing Personal se encarga de la administraci\u00f3n de personal, logrando as\u00ed el \u00e9xito en trabajos espec\u00edficos o de temporada.\n\nGRACIAS POR VISITARNOS<\/p>\t\t<\/div>\n\t\t\t\t<\/div>\n\t\t\t\t<div class=\"elementor-element elementor-element-b53ddaf elementor-widget elementor-widget-heading\" data-id=\"b53ddaf\" data-element_type=\"widget\" data-widget_type=\"heading.default\">\n\t\t\t\t<div class=\"elementor-widget-container\">\n\t\t\t<p class=\"elementor-heading-title elementor-size-default\">Al anexar mi currriculum vitae y de conformidad con lo previsto en la legislaci\u00f3n aplicable y vigente en materia de protecci\u00f3n de datos personales, reconozco que he le\u00eddo y entendido los alcances del aviso de Privacidad de la Empresa, por lo que autoriz\u00f3 de forma expresa la divulgaci\u00f3n de mis datos personales a trav\u00e9s de bases de datos de acceso exclusivo a funcionarios y empleados de la Empresa en los t\u00e9rminos establecidos en este Aviso de Privacidad.<\/p>\t\t<\/div>\n\t\t\t\t<\/div>\n\t\t\t\t<div class=\"elementor-element elementor-element-409935d elementor-align-center elementor-widget elementor-widget-button\" data-id=\"409935d\" data-element_type=\"widget\" data-widget_type=\"button.default\">\n\t\t\t\t<div class=\"elementor-widget-container\">\n\t\t\t\t\t<div class=\"elementor-button-wrapper\">\n\t\t\t<a class=\"elementor-button elementor-button-link elementor-size-sm\" href=\"http:\/\/www.staffingpersonal.com\/bolsa-de-trabajo\/agregar-vacante\/\">\n\t\t\t\t\t\t<span class=\"elementor-button-content-wrapper\">\n\t\t\t\t\t\t<span class=\"elementor-button-text\">Agregar vacante<\/span>\n\t\t<\/span>\n\t\t\t\t\t<\/a>\n\t\t<\/div>\n\t\t\t\t<\/div>\n\t\t\t\t<\/div>\n\t\t\t\t\t<\/div>\n\t\t<\/div>\n\t\t\t\t\t\t\t<\/div>\n\t\t<\/section>\n\t\t\t\t\t\t\t<\/div>\n\t\t","protected":false},"excerpt":{"rendered":"<p>Vacante Destacada TE INTERESA POSTULATE, SI CONOCES A ALGUIEN RECOMIENDA \u00bfFormas parte de una empresa y quieres buscar al mejor prospecto para ti? Publica una vacante y te ayudaremos a encontrar al candidato ideal para ti. Porque lo nuestro es PERSONAL Bienvenidos a Staffing Personal Especialistas en Recursos Humanos Productivo y efectivo proceso de b\u00fasqueda, [&hellip;]<\/p>\n","protected":false},"author":1,"featured_media":3615,"parent":0,"menu_order":0,"comment_status":"closed","ping_status":"closed","template":"elementor_header_footer","meta":[],"_links":{"self":[{"href":"https:\/\/www.staffingpersonal.com\/bolsa-de-trabajo\/wp-json\/wp\/v2\/pages\/53"}],"collection":[{"href":"https:\/\/www.staffingpersonal.com\/bolsa-de-trabajo\/wp-json\/wp\/v2\/pages"}],"about":[{"href":"https:\/\/www.staffingpersonal.com\/bolsa-de-trabajo\/wp-json\/wp\/v2\/types\/page"}],"author":[{"embeddable":true,"href":"https:\/\/www.staffingpersonal.com\/bolsa-de-trabajo\/wp-json\/wp\/v2\/users\/1"}],"replies":[{"embeddable":true,"href":"https:\/\/www.staffingpersonal.com\/bolsa-de-trabajo\/wp-json\/wp\/v2\/comments?post=53"}],"version-history":[{"count":42,"href":"https:\/\/www.staffingpersonal.com\/bolsa-de-trabajo\/wp-json\/wp\/v2\/pages\/53\/revisions"}],"predecessor-version":[{"id":6272,"href":"https:\/\/www.staffingpersonal.com\/bolsa-de-trabajo\/wp-json\/wp\/v2\/pages\/53\/revisions\/6272"}],"wp:featuredmedia":[{"embeddable":true,"href":"https:\/\/www.staffingpersonal.com\/bolsa-de-trabajo\/wp-json\/wp\/v2\/media\/3615"}],"wp:attachment":[{"href":"https:\/\/www.staffingpersonal.com\/bolsa-de-trabajo\/wp-json\/wp\/v2\/media?parent=53"}],"curies":[{"name":"wp","href":"https:\/\/api.w.org\/{rel}","templated":true}]}}