{"id":19,"date":"2016-01-04T15:22:38","date_gmt":"2016-01-04T15:22:38","guid":{"rendered":"http:\/\/www.staffingpersonal.com\/bolsa-de-trabajo\/?page_id=19"},"modified":"2023-11-22T18:56:34","modified_gmt":"2023-11-22T18:56:34","slug":"agregar-vacante","status":"publish","type":"page","link":"https:\/\/www.staffingpersonal.com\/bolsa-de-trabajo\/agregar-vacante\/","title":{"rendered":"Agregar una Vacante"},"content":{"rendered":"\t\t<div data-elementor-type=\"wp-page\" data-elementor-id=\"19\" class=\"elementor elementor-19\" data-elementor-post-type=\"page\">\n\t\t\t\t\t\t\t<div class=\"elementor-element elementor-element-3fa335c9 e-flex e-con-boxed e-con e-parent\" data-id=\"3fa335c9\" data-element_type=\"container\" data-settings=\"{&quot;content_width&quot;:&quot;boxed&quot;}\" data-core-v316-plus=\"true\">\n\t\t\t\t\t<div class=\"e-con-inner\">\n\t\t\t\t<div class=\"elementor-element elementor-element-660dee7 elementor-widget elementor-widget-heading\" data-id=\"660dee7\" data-element_type=\"widget\" data-widget_type=\"heading.default\">\n\t\t\t\t<div class=\"elementor-widget-container\">\n\t\t\t<style>\/*! elementor - v3.17.0 - 08-11-2023 *\/\n.elementor-heading-title{padding:0;margin:0;line-height:1}.elementor-widget-heading .elementor-heading-title[class*=elementor-size-]>a{color:inherit;font-size:inherit;line-height:inherit}.elementor-widget-heading .elementor-heading-title.elementor-size-small{font-size:15px}.elementor-widget-heading .elementor-heading-title.elementor-size-medium{font-size:19px}.elementor-widget-heading .elementor-heading-title.elementor-size-large{font-size:29px}.elementor-widget-heading .elementor-heading-title.elementor-size-xl{font-size:39px}.elementor-widget-heading .elementor-heading-title.elementor-size-xxl{font-size:59px}<\/style><h2 class=\"elementor-heading-title elementor-size-default\">Agregar una Vacante<\/h2>\t\t<\/div>\n\t\t\t\t<\/div>\n\t\t\t\t<div class=\"elementor-element elementor-element-40f24e44 elementor-widget elementor-widget-shortcode\" data-id=\"40f24e44\" data-element_type=\"widget\" data-widget_type=\"shortcode.default\">\n\t\t\t\t<div class=\"elementor-widget-container\">\n\t\t\t\t\t<div class=\"elementor-shortcode\"><form action=\"\/bolsa-de-trabajo\/wp-json\/wp\/v2\/pages\/19\" method=\"post\" id=\"submit-job-form\" class=\"job-manager-form\" enctype=\"multipart\/form-data\">\n\n\t\n\t\n\t\n\t\t\t<fieldset class=\"fieldset-login_required\">\n\t\t<label>\u00bfTienes una cuenta?<\/label>\n\t\t<div class=\"field account-sign-in\">\n\t\t\t<a class=\"button\" href=\"https:\/\/www.staffingpersonal.com\/bolsa-de-trabajo\/wp-login.php?redirect_to=https%3A%2F%2Fwww.staffingpersonal.com%2Fbolsa-de-trabajo%2Fagregar-vacante%2F\">Acceder<\/a>\n\n\t\t\t\n\t\t\t\tSi no tienes una cuenta, puedes crear una a continuaci\u00f3n introduciendo tu direcci\u00f3n de correo electr\u00f3nico o tu nombre de usuario.\t\t\t\t\t\t\t\t\tLos detalles de tu cuenta ser\u00e1n confirmados por correo electr\u00f3nico.\t\t\t\t\n\t\t\t\t\t<\/div>\n\t<\/fieldset>\n\t\t\t\t<fieldset class=\"fieldset-create_account_email\">\n\t\t\t\t<label\n\t\t\t\t\tfor=\"create_account_email\">Tu correo electr\u00f3nico<\/label>\n\t\t\t\t<div class=\"field required-field draft-required\">\n\t\t\t\t\t<input type=\"text\" class=\"input-text\" name=\"create_account_email\" id=\"create_account_email\" placeholder=\"tu@tudominio.com\" value=\"\" maxlength=\"\" required \/>\n\t\t\t\t<\/div>\n\t\t\t<\/fieldset>\n\t\t\t\n\t\n\t\n\t\t<!-- Job Information Fields -->\n\t\t\n\t\t\t\t\t<fieldset class=\"fieldset-job_title fieldset-type-text\">\n\t\t\t\t<label for=\"job_title\">T\u00edtulo del trabajo<\/label>\n\t\t\t\t<div class=\"field required-field\">\n\t\t\t\t\t<input type=\"text\" class=\"input-text\" name=\"job_title\" id=\"job_title\" placeholder=\"\" value=\"\" maxlength=\"\" required \/>\n\t\t\t\t<\/div>\n\t\t\t<\/fieldset>\n\t\t\t\t\t<fieldset class=\"fieldset-job_location fieldset-type-text\">\n\t\t\t\t<label for=\"job_location\">Ubicaci\u00f3n <small>(opcional)<\/small><\/label>\n\t\t\t\t<div class=\"field \">\n\t\t\t\t\t<input type=\"text\" class=\"input-text\" name=\"job_location\" id=\"job_location\" placeholder=\"Ejemplo: \u00abMadrid\u00bb\" value=\"\" maxlength=\"\"  \/>\n<small class=\"description\">Dejar en blanco si la ubicaci\u00f3n no es importante<\/small>\t\t\t\t<\/div>\n\t\t\t<\/fieldset>\n\t\t\t\t\t<fieldset class=\"fieldset-job_region fieldset-type-term-select\">\n\t\t\t\t<label for=\"job_region\">\ufeffRegi\u00f3n del puesto<\/label>\n\t\t\t\t<div class=\"field required-field\">\n\t\t\t\t\t<select  name='job_region' id='job_region' class='postform'>\n\t<option value=''>Seleccionar regi\u00f3n<\/option>\n\t<option class=\"level-0\" value=\"28\">Aguascalientes<\/option>\n\t<option class=\"level-0\" value=\"29\">Baja California<\/option>\n\t<option class=\"level-0\" value=\"30\">Baja California Sur<\/option>\n\t<option class=\"level-0\" value=\"33\">Chiapas<\/option>\n\t<option class=\"level-0\" value=\"34\">Chihuahua<\/option>\n\t<option class=\"level-0\" value=\"31\">Coahuila<\/option>\n\t<option class=\"level-0\" value=\"32\">Colima<\/option>\n\t<option class=\"level-0\" value=\"9\">Distrito Federal<\/option>\n\t<option class=\"level-1\" value=\"35\">&nbsp;&nbsp;&nbsp;\u00c1lvaro Obreg\u00f3n<\/option>\n\t<option class=\"level-1\" value=\"36\">&nbsp;&nbsp;&nbsp;Azcapotzalco<\/option>\n\t<option class=\"level-1\" value=\"37\">&nbsp;&nbsp;&nbsp;Benito Ju\u00e1rez<\/option>\n\t<option class=\"level-1\" value=\"38\">&nbsp;&nbsp;&nbsp;Coyoac\u00e1n<\/option>\n\t<option class=\"level-1\" value=\"39\">&nbsp;&nbsp;&nbsp;Cuajimalpa de Morelos<\/option>\n\t<option class=\"level-1\" value=\"40\">&nbsp;&nbsp;&nbsp;Cuauht\u00e9moc<\/option>\n\t<option class=\"level-1\" value=\"41\">&nbsp;&nbsp;&nbsp;Gustavo A. Madero<\/option>\n\t<option class=\"level-1\" value=\"42\">&nbsp;&nbsp;&nbsp;Iztacalco<\/option>\n\t<option class=\"level-1\" value=\"43\">&nbsp;&nbsp;&nbsp;Iztapalapa<\/option>\n\t<option class=\"level-1\" value=\"44\">&nbsp;&nbsp;&nbsp;La Magdalena Contreras<\/option>\n\t<option class=\"level-1\" value=\"45\">&nbsp;&nbsp;&nbsp;Miguel Hidalgo<\/option>\n\t<option class=\"level-1\" value=\"46\">&nbsp;&nbsp;&nbsp;Milpa Alta<\/option>\n\t<option class=\"level-1\" value=\"126\">&nbsp;&nbsp;&nbsp;Tacubaya<\/option>\n\t<option class=\"level-1\" value=\"47\">&nbsp;&nbsp;&nbsp;Tl\u00e1huac<\/option>\n\t<option class=\"level-1\" value=\"48\">&nbsp;&nbsp;&nbsp;Tlalpan<\/option>\n\t<option class=\"level-1\" value=\"49\">&nbsp;&nbsp;&nbsp;Venustiano Carranza<\/option>\n\t<option class=\"level-1\" value=\"50\">&nbsp;&nbsp;&nbsp;Xochimilco<\/option>\n\t<option class=\"level-0\" value=\"51\">Durango<\/option>\n\t<option class=\"level-0\" value=\"59\">Estado De M\u00e9xico<\/option>\n\t<option class=\"level-1\" value=\"60\">&nbsp;&nbsp;&nbsp;Atizap\u00e1n de Zaragoza<\/option>\n\t<option class=\"level-1\" value=\"61\">&nbsp;&nbsp;&nbsp;Chimalhuac\u00e1n<\/option>\n\t<option class=\"level-1\" value=\"62\">&nbsp;&nbsp;&nbsp;Coacalco de Berrioz\u00e1bal<\/option>\n\t<option class=\"level-1\" value=\"63\">&nbsp;&nbsp;&nbsp;Cuautitl\u00e1n<\/option>\n\t<option class=\"level-1\" value=\"64\">&nbsp;&nbsp;&nbsp;Cuautitl\u00e1n Izcalli<\/option>\n\t<option class=\"level-1\" value=\"65\">&nbsp;&nbsp;&nbsp;Ecatepec de Morelos<\/option>\n\t<option class=\"level-1\" value=\"66\">&nbsp;&nbsp;&nbsp;Huixquilucan<\/option>\n\t<option class=\"level-1\" value=\"67\">&nbsp;&nbsp;&nbsp;Ixtapaluca<\/option>\n\t<option class=\"level-1\" value=\"68\">&nbsp;&nbsp;&nbsp;La Paz<\/option>\n\t<option class=\"level-1\" value=\"69\">&nbsp;&nbsp;&nbsp;Lerma<\/option>\n\t<option class=\"level-1\" value=\"70\">&nbsp;&nbsp;&nbsp;Naucalpan de Ju\u00e1rez<\/option>\n\t<option class=\"level-1\" value=\"71\">&nbsp;&nbsp;&nbsp;Nezahualc\u00f3yotl<\/option>\n\t<option class=\"level-1\" value=\"72\">&nbsp;&nbsp;&nbsp;Nicol\u00e1s Romero<\/option>\n\t<option class=\"level-1\" value=\"73\">&nbsp;&nbsp;&nbsp;Texcoco<\/option>\n\t<option class=\"level-1\" value=\"74\">&nbsp;&nbsp;&nbsp;Valle de Chalco Solidaridad<\/option>\n\t<option class=\"level-1\" value=\"75\">&nbsp;&nbsp;&nbsp;Zumpango<\/option>\n\t<option class=\"level-0\" value=\"52\">Guanajuato<\/option>\n\t<option class=\"level-0\" value=\"53\">Guerrero<\/option>\n\t<option class=\"level-1\" value=\"54\">&nbsp;&nbsp;&nbsp;Acapulco<\/option>\n\t<option class=\"level-1\" value=\"55\">&nbsp;&nbsp;&nbsp;Chilpancingo<\/option>\n\t<option class=\"level-0\" value=\"56\">Hidalgo<\/option>\n\t<option class=\"level-0\" value=\"57\">Jalisco<\/option>\n\t<option class=\"level-1\" value=\"58\">&nbsp;&nbsp;&nbsp;Guadalajara<\/option>\n\t<option class=\"level-0\" value=\"76\">Michoac\u00e1n<\/option>\n\t<option class=\"level-0\" value=\"77\">Morelos<\/option>\n\t<option class=\"level-0\" value=\"78\">Nayarit<\/option>\n\t<option class=\"level-0\" value=\"79\">Nuevo Le\u00f3n<\/option>\n\t<option class=\"level-1\" value=\"80\">&nbsp;&nbsp;&nbsp;Monterrey<\/option>\n\t<option class=\"level-0\" value=\"81\">Oaxaca<\/option>\n\t<option class=\"level-0\" value=\"82\">Puebla<\/option>\n\t<option class=\"level-0\" value=\"83\">Quer\u00e9taro<\/option>\n\t<option class=\"level-0\" value=\"84\">Quintana Roo<\/option>\n\t<option class=\"level-0\" value=\"85\">San Luis Potos\u00ed<\/option>\n\t<option class=\"level-0\" value=\"86\">Sinaloa<\/option>\n\t<option class=\"level-0\" value=\"87\">Sonora<\/option>\n\t<option class=\"level-0\" value=\"88\">Tabasco<\/option>\n\t<option class=\"level-0\" value=\"89\">Tamaulipas<\/option>\n\t<option class=\"level-0\" value=\"90\">Tlaxcala<\/option>\n\t<option class=\"level-0\" value=\"91\">Veracruz<\/option>\n\t<option class=\"level-0\" value=\"92\">Yucat\u00e1n<\/option>\n\t<option class=\"level-1\" value=\"93\">&nbsp;&nbsp;&nbsp;M\u00e9rida<\/option>\n\t<option class=\"level-0\" value=\"94\">Zacatecas<\/option>\n<\/select>\n\t\t\t\t<\/div>\n\t\t\t<\/fieldset>\n\t\t\t\t\t<fieldset class=\"fieldset-remote_position fieldset-type-checkbox\">\n\t\t\t\t<label for=\"remote_position\">Puesto en remoto <small>(opcional)<\/small><\/label>\n\t\t\t\t<div class=\"field \">\n\t\t\t\t\t<input type=\"checkbox\" class=\"input-checkbox\" name=\"remote_position\" id=\"remote_position\"  value=\"1\"  \/>\n<small class=\"description\">Selecciona si este es un puesto remoto.<\/small>\t\t\t\t<\/div>\n\t\t\t<\/fieldset>\n\t\t\t\t\t<fieldset class=\"fieldset-job_type fieldset-type-term-select\">\n\t\t\t\t<label for=\"job_type\">Tipo de trabajo<\/label>\n\t\t\t\t<div class=\"field required-field\">\n\t\t\t\t\t<select  name='job_type' id='job_type' class='postform'>\n\t<option class=\"level-0\" value=\"25\">Becas\/ pr\u00e1cticas<\/option>\n\t<option class=\"level-0\" value=\"26\">Free Lance<\/option>\n\t<option class=\"level-0\" value=\"10\">Medio Tiempo<\/option>\n\t<option class=\"level-0\" value=\"27\">Otro tipo de contrato<\/option>\n\t<option class=\"level-0\" value=\"23\">Por tiempo determinado<\/option>\n\t<option class=\"level-0\" value=\"24\">Por tiempo indeterminado<\/option>\n\t<option class=\"level-0\" value=\"7\">Tiempo Completo<\/option>\n<\/select>\n\t\t\t\t<\/div>\n\t\t\t<\/fieldset>\n\t\t\t\t\t<fieldset class=\"fieldset-job_description fieldset-type-wp-editor\">\n\t\t\t\t<label for=\"job_description\">Descripci\u00f3n<\/label>\n\t\t\t\t<div class=\"field required-field\">\n\t\t\t\t\t<div id=\"wp-job_description-wrap\" class=\"wp-core-ui wp-editor-wrap tmce-active\"><link rel='stylesheet' id='dashicons-css' href='https:\/\/www.staffingpersonal.com\/bolsa-de-trabajo\/wp-includes\/css\/dashicons.min.css?ver=d9e986a13671fb342d1f127a7729f611' media='all' \/>\n<link rel='stylesheet' id='editor-buttons-css' href='https:\/\/www.staffingpersonal.com\/bolsa-de-trabajo\/wp-includes\/css\/editor.min.css?ver=d9e986a13671fb342d1f127a7729f611' media='all' \/>\n<style> .mce-top-part button { background-color: rgba(0,0,0,0.0) !important; } <\/style>\n<div id=\"wp-job_description-editor-container\" class=\"wp-editor-container\"><textarea class=\"wp-editor-area\" rows=\"8\" autocomplete=\"off\" cols=\"40\" name=\"job_description\" id=\"job_description\"><\/textarea><\/div>\n<\/div>\n\n\t\t\t\t<\/div>\n\t\t\t<\/fieldset>\n\t\t\t\t\t<fieldset class=\"fieldset-application fieldset-type-text\">\n\t\t\t\t<label for=\"application\">Direcci\u00f3n de correo electr\u00f3nico o URL de la solicitud<\/label>\n\t\t\t\t<div class=\"field required-field\">\n\t\t\t\t\t<input type=\"text\" class=\"input-text\" name=\"application\" id=\"application\" placeholder=\"Introduce un correo electr\u00f3nico o la URL de la web\" value=\"\" maxlength=\"\" required \/>\n\t\t\t\t<\/div>\n\t\t\t<\/fieldset>\n\t\t\n\t\t\n\t\t<!-- Company Information Fields -->\n\t\t\t\t\t<h2>Detalles de la empresa<\/h2>\n\n\t\t\t\n\t\t\t\t\t\t\t<fieldset class=\"fieldset-company_name fieldset-type-text\">\n\t\t\t\t\t<label for=\"company_name\">Nombre de la empresa<\/label>\n\t\t\t\t\t<div class=\"field required-field\">\n\t\t\t\t\t\t<input type=\"text\" class=\"input-text\" name=\"company_name\" id=\"company_name\" placeholder=\"Introduce el nombre de la empresa\" value=\"\" maxlength=\"\" required \/>\n\t\t\t\t\t<\/div>\n\t\t\t\t<\/fieldset>\n\t\t\t\t\t\t\t<fieldset class=\"fieldset-company_website fieldset-type-text\">\n\t\t\t\t\t<label for=\"company_website\">Web <small>(opcional)<\/small><\/label>\n\t\t\t\t\t<div class=\"field \">\n\t\t\t\t\t\t<input type=\"text\" class=\"input-text\" name=\"company_website\" id=\"company_website\" placeholder=\"https:\/\/\" value=\"\" maxlength=\"\"  \/>\n\t\t\t\t\t<\/div>\n\t\t\t\t<\/fieldset>\n\t\t\t\t\t\t\t<fieldset class=\"fieldset-company_tagline fieldset-type-text\">\n\t\t\t\t\t<label for=\"company_tagline\">Descripci\u00f3n corta <small>(opcional)<\/small><\/label>\n\t\t\t\t\t<div class=\"field \">\n\t\t\t\t\t\t<input type=\"text\" class=\"input-text\" name=\"company_tagline\" id=\"company_tagline\" placeholder=\"Breve descripci\u00f3n de la empresa\" value=\"\" maxlength=\"64\"  \/>\n\t\t\t\t\t<\/div>\n\t\t\t\t<\/fieldset>\n\t\t\t\t\t\t\t<fieldset class=\"fieldset-company_video fieldset-type-text\">\n\t\t\t\t\t<label for=\"company_video\">V\u00eddeo <small>(opcional)<\/small><\/label>\n\t\t\t\t\t<div class=\"field \">\n\t\t\t\t\t\t<input type=\"text\" class=\"input-text\" name=\"company_video\" id=\"company_video\" placeholder=\"Un enlace a un v\u00eddeo acerca de tu empresa\" value=\"\" maxlength=\"\"  \/>\n\t\t\t\t\t<\/div>\n\t\t\t\t<\/fieldset>\n\t\t\t\t\t\t\t<fieldset class=\"fieldset-company_twitter fieldset-type-text\">\n\t\t\t\t\t<label for=\"company_twitter\">Nombre de usuario en Twitter <small>(opcional)<\/small><\/label>\n\t\t\t\t\t<div class=\"field \">\n\t\t\t\t\t\t<input type=\"text\" class=\"input-text\" name=\"company_twitter\" id=\"company_twitter\" placeholder=\"@tuempresa\" value=\"\" maxlength=\"\"  \/>\n\t\t\t\t\t<\/div>\n\t\t\t\t<\/fieldset>\n\t\t\t\t\t\t\t<fieldset class=\"fieldset-company_logo fieldset-type-file\">\n\t\t\t\t\t<label for=\"company_logo\">Logotipo <small>(opcional)<\/small><\/label>\n\t\t\t\t\t<div class=\"field \">\n\t\t\t\t\t\t<div class=\"job-manager-uploaded-files\">\n\t<\/div>\n\n<input\n\ttype=\"file\"\n\tclass=\"input-text\"\n\tdata-file_types=\"jpg|jpeg|gif|png\"\n\t\t\t\tname=\"company_logo\"\n\tid=\"company_logo\"\n\tplaceholder=\"\"\n\/>\n<small class=\"description\">\n\t\t\tTama\u00f1o m\u00e1ximo del archivo: 32 MB.\t<\/small>\n\t\t\t\t\t<\/div>\n\t\t\t\t<\/fieldset>\n\t\t\t\n\t\t\t\t\t\n\t\t\n\t\t<p>\n\t\t\t<input type=\"hidden\" name=\"job_manager_form\" value=\"submit-job\" \/>\n\t\t\t<input type=\"hidden\" name=\"job_id\" value=\"0\" \/>\n\t\t\t<input type=\"hidden\" name=\"step\" value=\"0\" \/>\n\t\t\t<input type=\"submit\" name=\"submit_job\" class=\"button\" value=\"Previsualizar\" \/>\n\t\t\t<input type=\"submit\" name=\"save_draft\" class=\"button secondary save_draft\" value=\"Guardar borrador\" formnovalidate \/>\t\t\t<span class=\"spinner\" style=\"background-image: url(https:\/\/www.staffingpersonal.com\/bolsa-de-trabajo\/wp-includes\/images\/spinner.gif);\"><\/span>\n\t\t<\/p>\n\n\t<\/form>\n<\/div>\n\t\t\t\t<\/div>\n\t\t\t\t<\/div>\n\t\t\t\t\t<\/div>\n\t\t\t\t<\/div>\n\t\t\t\t\t\t\t<\/div>\n\t\t","protected":false},"excerpt":{"rendered":"<p>Agregar una Vacante<\/p>\n","protected":false},"author":1,"featured_media":0,"parent":0,"menu_order":0,"comment_status":"closed","ping_status":"closed","template":"elementor_header_footer","meta":[],"_links":{"self":[{"href":"https:\/\/www.staffingpersonal.com\/bolsa-de-trabajo\/wp-json\/wp\/v2\/pages\/19"}],"collection":[{"href":"https:\/\/www.staffingpersonal.com\/bolsa-de-trabajo\/wp-json\/wp\/v2\/pages"}],"about":[{"href":"https:\/\/www.staffingpersonal.com\/bolsa-de-trabajo\/wp-json\/wp\/v2\/types\/page"}],"author":[{"embeddable":true,"href":"https:\/\/www.staffingpersonal.com\/bolsa-de-trabajo\/wp-json\/wp\/v2\/users\/1"}],"replies":[{"embeddable":true,"href":"https:\/\/www.staffingpersonal.com\/bolsa-de-trabajo\/wp-json\/wp\/v2\/comments?post=19"}],"version-history":[{"count":12,"href":"https:\/\/www.staffingpersonal.com\/bolsa-de-trabajo\/wp-json\/wp\/v2\/pages\/19\/revisions"}],"predecessor-version":[{"id":6319,"href":"https:\/\/www.staffingpersonal.com\/bolsa-de-trabajo\/wp-json\/wp\/v2\/pages\/19\/revisions\/6319"}],"wp:attachment":[{"href":"https:\/\/www.staffingpersonal.com\/bolsa-de-trabajo\/wp-json\/wp\/v2\/media?parent=19"}],"curies":[{"name":"wp","href":"https:\/\/api.w.org\/{rel}","templated":true}]}}